{"id":169,"date":"2015-09-16T16:08:15","date_gmt":"2015-09-16T14:08:15","guid":{"rendered":"http:\/\/www.psychotherapie-breyer.de\/en\/?page_id=169"},"modified":"2022-01-30T17:09:42","modified_gmt":"2022-01-30T16:09:42","slug":"legal-notice","status":"publish","type":"page","link":"https:\/\/www.psychotherapie-breyer.de\/en\/legal-notice\/","title":{"rendered":"Legal notice"},"content":{"rendered":"<p>Das Impressum gilt nur f\u00fcr die Internetpr\u00e4senz unter der Adresse:<br \/>\npsychotherapie-breyer.de<br \/>\nInhaltlich Verantwortliche: Dipl.-Psych. Sandra Breyer<br \/>\nPsychologische Psychotherapeutin<br \/>\nMitglied in der Deutschen PsychotherapeutenVereinigung (DPtV)<\/p>\n<p>Praxis<br \/>\nPuschkinallee 48<br \/>\n12435 Berlin<br \/>\nDeutschland<\/p>\n<p>Telefon +49 (30) 28639102<br \/>\nE-Mail: &#x74;&#x68;&#x65;&#114;&#97;&#112;ie&#x2e;&#x62;&#x72;&#x65;&#121;&#101;r&#64;&#x70;&#x6f;&#x73;&#x74;&#101;&#111;&#46;d&#x65;<br \/>\npsychotherapie-breyer.de<\/p>\n<p><strong>Approbation<\/strong><br \/>\nLandesamt f\u00fcr Gesundheit und Soziales Berlin (Fachkundenachweis f\u00fcr Verhaltenstherapie bei Erwachsenen)<br \/>\nArztregister: KV Berlin, AR29835<br \/>\nAufsichtsbeh\u00f6rde: Psychotherapeutenkammer Berlin<\/p>\n<p><strong>Berufsrechtliche Regelungen<\/strong><br \/>\nBerufsbezeichnung verleihender Staat: Bundesrepublik Deutschland. Das Berufsrecht ist, soweit keine anderen Regelungen durch die Kammer g\u00fcltig sind, geregelt durch das Psychotherapeutengesetzt (PsychThG) vom 1.1.1999 sowie durch das Gesetz \u00fcber die Berufe der Psychologischen Psychotherapeuten und Kinder- und Jugendpsychotherapeuten.<\/p>\n<p><strong>Angaben zur Berufshaftpflichtversicherung:<\/strong><br \/>\nName und Sitz der Gesellschaft:<br \/>\nBarmenia Allgemeine Versicherungs-AG<br \/>\nBarmenia-Allee 1<br \/>\n42119 Wuppertal<\/p>\n<p><strong>Quellenangaben f\u00fcr die verwendeten Bilder und Grafiken:<\/strong><br \/>\nwww.miriamreer.com<br \/>\nMiriam Reer<\/p>\n<h2>Haftungsausschluss (Disclaimer)<\/h2>\n<p><strong>Haftung f\u00fcr Inhalte <\/strong><br \/>\nAls Diensteanbieter sind wir gem\u00e4\u00df \u00a7 7 Abs.1 TMG f\u00fcr eigene Inhalte auf diesen Seiten nach den allgemeinen Gesetzen verantwortlich. Nach \u00a7\u00a7 8 bis 10 TMG sind wir als Diensteanbieter jedoch nicht verpflichtet, \u00fcbermittelte oder gespeicherte fremde Informationen zu \u00fcberwachen oder nach Umst\u00e4nden zu forschen, die auf eine rechtswidrige T\u00e4tigkeit hinweisen. Verpflichtungen zur Entfernung oder Sperrung der Nutzung von Informationen nach den allgemeinen Gesetzen bleiben hiervon unber\u00fchrt. Eine diesbez\u00fcgliche Haftung ist jedoch erst ab dem Zeitpunkt der Kenntnis einer konkreten Rechtsverletzung m\u00f6glich. Bei Bekanntwerden von entsprechenden Rechtsverletzungen werden wir diese Inhalte umgehend entfernen.<\/p>\n<p><strong>Haftung f\u00fcr Links<\/strong><br \/>\nUnser Angebot enth\u00e4lt Links zu externen Webseiten Dritter, auf deren Inhalte wir keinen Einfluss haben. Deshalb k\u00f6nnen wir f\u00fcr diese fremden Inhalte auch keine Gew\u00e4hr \u00fcbernehmen. F\u00fcr die Inhalte der verlinkten Seiten ist stets der jeweilige Anbieter oder Betreiber der Seiten verantwortlich. Die verlinkten Seiten wurden zum Zeitpunkt der Verlinkung auf m\u00f6gliche Rechtsverst\u00f6\u00dfe \u00fcberpr\u00fcft. Rechtswidrige Inhalte waren zum Zeitpunkt der Verlinkung nicht erkennbar. Eine permanente inhaltliche Kontrolle der verlinkten Seiten ist jedoch ohne konkrete Anhaltspunkte einer Rechtsverletzung nicht zumutbar. Bei Bekanntwerden von Rechtsverletzungen werden wir derartige Links umgehend entfernen.<\/p>\n<p><strong>Urheberrecht<\/strong><br \/>\nDie durch die Seitenbetreiber erstellten Inhalte und Werke auf diesen Seiten unterliegen dem deutschen Urheberrecht. Die Vervielf\u00e4ltigung, Bearbeitung, Verbreitung und jede Art der Verwertung au\u00dferhalb der Grenzen des Urheberrechtes bed\u00fcrfen der schriftlichen Zustimmung des jeweiligen Autors bzw. Erstellers. Downloads und Kopien dieser Seite sind nur f\u00fcr den privaten, nicht kommerziellen Gebrauch gestattet. Soweit die Inhalte auf dieser Seite nicht vom Betreiber erstellt wurden, werden die Urheberrechte Dritter beachtet. Insbesondere werden Inhalte Dritter als solche gekennzeichnet. Sollten Sie trotzdem auf eine Urheberrechtsverletzung aufmerksam werden, bitten wir um einen entsprechenden Hinweis. Bei Bekanntwerden von Rechtsverletzungen werden wir derartige Inhalte umgehend entfernen.<\/p>\n","protected":false},"excerpt":{"rendered":"<p>Das Impressum gilt nur f\u00fcr die Internetpr\u00e4senz unter der Adresse: psychotherapie-breyer.de Inhaltlich Verantwortliche: Dipl.-Psych. Sandra Breyer Psychologische Psychotherapeutin Mitglied in der Deutschen PsychotherapeutenVereinigung (DPtV) Praxis Puschkinallee 48 12435 Berlin Deutschland Telefon +49 (30) 28639102 E-Mail: &#116;h&#101;r&#97;p&#x69;e&#x2e;b&#x72;e&#x79;e&#x72;&#64;&#x70;o&#x73;t&#x65;o&#x2e;d&#x65; psychotherapie-breyer.de Approbation Landesamt f\u00fcr Gesundheit und Soziales Berlin (Fachkundenachweis f\u00fcr Verhaltenstherapie bei Erwachsenen) Arztregister: KV Berlin, AR29835 Aufsichtsbeh\u00f6rde: Psychotherapeutenkammer Berlin Berufsrechtliche Regelungen Berufsbezeichnung verleihender Staat: Bundesrepublik Deutschland. Das Berufsrecht &hellip;<\/p>\n","protected":false},"author":1,"featured_media":0,"parent":0,"menu_order":0,"comment_status":"open","ping_status":"closed","template":"page-templates\/centered-page.php","meta":[],"yoast_head":"<!-- This site is optimized with the Yoast SEO plugin v19.9 - https:\/\/yoast.com\/wordpress\/plugins\/seo\/ -->\n<title>Legal notice - Psychotherapie Breyer<\/title>\n<meta name=\"robots\" content=\"index, follow, max-snippet:-1, max-image-preview:large, max-video-preview:-1\" \/>\n<link rel=\"canonical\" href=\"https:\/\/www.psychotherapie-breyer.de\/en\/legal-notice\/\" \/>\n<meta property=\"og:locale\" content=\"en_US\" \/>\n<meta property=\"og:type\" content=\"article\" \/>\n<meta property=\"og:title\" content=\"Legal notice - Psychotherapie Breyer\" \/>\n<meta property=\"og:description\" content=\"Das Impressum gilt nur f\u00fcr die Internetpr\u00e4senz unter der Adresse: psychotherapie-breyer.de Inhaltlich Verantwortliche: Dipl.-Psych. Sandra Breyer Psychologische Psychotherapeutin Mitglied in der Deutschen PsychotherapeutenVereinigung (DPtV) Praxis Puschkinallee 48 12435 Berlin Deutschland Telefon +49 (30) 28639102 E-Mail: t&#104;&#101;&#x72;&#x61;&#x70;&#x69;e&#046;&#098;&#114;&#x65;&#x79;&#x65;r&#064;&#112;&#111;&#x73;&#x74;&#x65;o&#046;&#100;&#101; psychotherapie-breyer.de Approbation Landesamt f\u00fcr Gesundheit und Soziales Berlin (Fachkundenachweis f\u00fcr Verhaltenstherapie bei Erwachsenen) Arztregister: KV Berlin, AR29835 Aufsichtsbeh\u00f6rde: Psychotherapeutenkammer Berlin Berufsrechtliche Regelungen Berufsbezeichnung verleihender Staat: Bundesrepublik Deutschland. Das Berufsrecht &hellip;\" \/>\n<meta property=\"og:url\" content=\"https:\/\/www.psychotherapie-breyer.de\/en\/legal-notice\/\" \/>\n<meta property=\"og:site_name\" content=\"Psychotherapie Breyer\" \/>\n<meta property=\"article:modified_time\" content=\"2022-01-30T16:09:42+00:00\" \/>\n<meta name=\"twitter:card\" content=\"summary_large_image\" \/>\n<meta name=\"twitter:label1\" content=\"Est. reading time\" \/>\n\t<meta name=\"twitter:data1\" content=\"2 minutes\" \/>\n<script type=\"application\/ld+json\" class=\"yoast-schema-graph\">{\"@context\":\"https:\/\/schema.org\",\"@graph\":[{\"@type\":\"WebPage\",\"@id\":\"https:\/\/www.psychotherapie-breyer.de\/en\/legal-notice\/\",\"url\":\"https:\/\/www.psychotherapie-breyer.de\/en\/legal-notice\/\",\"name\":\"Legal notice - Psychotherapie Breyer\",\"isPartOf\":{\"@id\":\"https:\/\/www.psychotherapie-breyer.de\/en\/#website\"},\"datePublished\":\"2015-09-16T14:08:15+00:00\",\"dateModified\":\"2022-01-30T16:09:42+00:00\",\"breadcrumb\":{\"@id\":\"https:\/\/www.psychotherapie-breyer.de\/en\/legal-notice\/#breadcrumb\"},\"inLanguage\":\"en-US\",\"potentialAction\":[{\"@type\":\"ReadAction\",\"target\":[\"https:\/\/www.psychotherapie-breyer.de\/en\/legal-notice\/\"]}]},{\"@type\":\"BreadcrumbList\",\"@id\":\"https:\/\/www.psychotherapie-breyer.de\/en\/legal-notice\/#breadcrumb\",\"itemListElement\":[{\"@type\":\"ListItem\",\"position\":1,\"name\":\"Home\",\"item\":\"https:\/\/www.psychotherapie-breyer.de\/en\/\"},{\"@type\":\"ListItem\",\"position\":2,\"name\":\"Legal notice\"}]},{\"@type\":\"WebSite\",\"@id\":\"https:\/\/www.psychotherapie-breyer.de\/en\/#website\",\"url\":\"https:\/\/www.psychotherapie-breyer.de\/en\/\",\"name\":\"Psychotherapie Breyer\",\"description\":\"Psychologische Psychotherapie mit Fachrichtung Verhaltenstherapie\",\"potentialAction\":[{\"@type\":\"SearchAction\",\"target\":{\"@type\":\"EntryPoint\",\"urlTemplate\":\"https:\/\/www.psychotherapie-breyer.de\/en\/?s={search_term_string}\"},\"query-input\":\"required name=search_term_string\"}],\"inLanguage\":\"en-US\"}]}<\/script>\n<!-- \/ Yoast SEO plugin. -->","yoast_head_json":{"title":"Legal notice - Psychotherapie Breyer","robots":{"index":"index","follow":"follow","max-snippet":"max-snippet:-1","max-image-preview":"max-image-preview:large","max-video-preview":"max-video-preview:-1"},"canonical":"https:\/\/www.psychotherapie-breyer.de\/en\/legal-notice\/","og_locale":"en_US","og_type":"article","og_title":"Legal notice - Psychotherapie Breyer","og_description":"Das Impressum gilt nur f\u00fcr die Internetpr\u00e4senz unter der Adresse: psychotherapie-breyer.de Inhaltlich Verantwortliche: Dipl.-Psych. Sandra Breyer Psychologische Psychotherapeutin Mitglied in der Deutschen PsychotherapeutenVereinigung (DPtV) Praxis Puschkinallee 48 12435 Berlin Deutschland Telefon +49 (30) 28639102 E-Mail: t&#104;&#101;&#x72;&#x61;&#x70;&#x69;e&#46;&#98;&#114;&#x65;&#x79;&#x65;r&#64;&#112;&#111;&#x73;&#x74;&#x65;o&#46;&#100;&#101; psychotherapie-breyer.de Approbation Landesamt f\u00fcr Gesundheit und Soziales Berlin (Fachkundenachweis f\u00fcr Verhaltenstherapie bei Erwachsenen) Arztregister: KV Berlin, AR29835 Aufsichtsbeh\u00f6rde: Psychotherapeutenkammer Berlin Berufsrechtliche Regelungen Berufsbezeichnung verleihender Staat: Bundesrepublik Deutschland. Das Berufsrecht &hellip;","og_url":"https:\/\/www.psychotherapie-breyer.de\/en\/legal-notice\/","og_site_name":"Psychotherapie Breyer","article_modified_time":"2022-01-30T16:09:42+00:00","twitter_card":"summary_large_image","twitter_misc":{"Est. reading time":"2 minutes"},"schema":{"@context":"https:\/\/schema.org","@graph":[{"@type":"WebPage","@id":"https:\/\/www.psychotherapie-breyer.de\/en\/legal-notice\/","url":"https:\/\/www.psychotherapie-breyer.de\/en\/legal-notice\/","name":"Legal notice - Psychotherapie Breyer","isPartOf":{"@id":"https:\/\/www.psychotherapie-breyer.de\/en\/#website"},"datePublished":"2015-09-16T14:08:15+00:00","dateModified":"2022-01-30T16:09:42+00:00","breadcrumb":{"@id":"https:\/\/www.psychotherapie-breyer.de\/en\/legal-notice\/#breadcrumb"},"inLanguage":"en-US","potentialAction":[{"@type":"ReadAction","target":["https:\/\/www.psychotherapie-breyer.de\/en\/legal-notice\/"]}]},{"@type":"BreadcrumbList","@id":"https:\/\/www.psychotherapie-breyer.de\/en\/legal-notice\/#breadcrumb","itemListElement":[{"@type":"ListItem","position":1,"name":"Home","item":"https:\/\/www.psychotherapie-breyer.de\/en\/"},{"@type":"ListItem","position":2,"name":"Legal notice"}]},{"@type":"WebSite","@id":"https:\/\/www.psychotherapie-breyer.de\/en\/#website","url":"https:\/\/www.psychotherapie-breyer.de\/en\/","name":"Psychotherapie Breyer","description":"Psychologische Psychotherapie mit Fachrichtung Verhaltenstherapie","potentialAction":[{"@type":"SearchAction","target":{"@type":"EntryPoint","urlTemplate":"https:\/\/www.psychotherapie-breyer.de\/en\/?s={search_term_string}"},"query-input":"required name=search_term_string"}],"inLanguage":"en-US"}]}},"_links":{"self":[{"href":"https:\/\/www.psychotherapie-breyer.de\/en\/wp-json\/wp\/v2\/pages\/169"}],"collection":[{"href":"https:\/\/www.psychotherapie-breyer.de\/en\/wp-json\/wp\/v2\/pages"}],"about":[{"href":"https:\/\/www.psychotherapie-breyer.de\/en\/wp-json\/wp\/v2\/types\/page"}],"author":[{"embeddable":true,"href":"https:\/\/www.psychotherapie-breyer.de\/en\/wp-json\/wp\/v2\/users\/1"}],"replies":[{"embeddable":true,"href":"https:\/\/www.psychotherapie-breyer.de\/en\/wp-json\/wp\/v2\/comments?post=169"}],"version-history":[{"count":2,"href":"https:\/\/www.psychotherapie-breyer.de\/en\/wp-json\/wp\/v2\/pages\/169\/revisions"}],"predecessor-version":[{"id":275,"href":"https:\/\/www.psychotherapie-breyer.de\/en\/wp-json\/wp\/v2\/pages\/169\/revisions\/275"}],"wp:attachment":[{"href":"https:\/\/www.psychotherapie-breyer.de\/en\/wp-json\/wp\/v2\/media?parent=169"}],"curies":[{"name":"wp","href":"https:\/\/api.w.org\/{rel}","templated":true}]}}